{"id":3110,"date":"2018-09-14T07:08:58","date_gmt":"2018-09-14T07:08:58","guid":{"rendered":"https:\/\/tectxon.themetechmount.com\/?page_id=3110"},"modified":"2018-10-03T11:26:10","modified_gmt":"2018-10-03T14:26:10","slug":"empresa","status":"publish","type":"page","link":"http:\/\/creacionesgym.com.ar\/web2\/empresa\/","title":{"rendered":"Empresa"},"content":{"rendered":"<p>[vc_row tm_bgcolor=\u00bbwhite\u00bb tm_bgimagefixed=\u00bb\u00bb break_in_responsive=\u00bb1200&#8243; full_width=\u00bbstretch_row\u00bb css=\u00bb.vc_custom_1536920811768{padding-bottom: 70px !important;}\u00bb el_class=\u00bbpadding-bottom-15px-991 padding-top-0px-991&#8243;][vc_column tm_bgcolor=\u00bbgrey\u00bb tm_col_bg_expand=\u00bbleft\u00bb width=\u00bb1\/4&#8243; css=\u00bb.vc_custom_1533714802394{padding-top: 70px !important;padding-bottom: 40px !important;}\u00bb][vc_row_inner css=\u00bb.vc_custom_1536908795161{margin-right: -240px !important;}\u00bb tm_responsive_css=\u00bb33389249|colbreak_no||0px|||||||colbreak_no|||||||||colbreak_no||||||||||colbreak_no|||||||||\u00bb][vc_column_inner][vc_single_image image=\u00bb3161&#8243; img_size=\u00bb470*507&#8243; alignment=\u00bbcenter\u00bb el_class=\u00bbttm-custom-margin-all-0px-991&#8243;][\/vc_column_inner][\/vc_row_inner][\/vc_column][vc_column width=\u00bb3\/4&#8243;][vc_row_inner break_in_responsive=\u00bb991&#8243; css=\u00bb.vc_custom_1533709780070{padding-top: 40px !important;}\u00bb][vc_column_inner width=\u00bb1\/4&#8243;][\/vc_column_inner][vc_column_inner reduce_extra_padding=\u00bb991&#8243; width=\u00bb3\/4&#8243; css=\u00bb.vc_custom_1533621740556{padding-top: 23px !important;padding-left: 40px !important;}\u00bb]<div class=\"tm-element-heading-wrapper tm-heading-inner tm-element-align-left tm-seperator-solid tm-heading-style-vertical  vc_custom_1538572427061\"><section class=\"tm-vc_cta3-container\"><div class=\"tm-vc_general tm-vc_cta3 tm-cta3-only tm-vc_cta3-style-classic tm-vc_cta3-shape-rounded tm-vc_cta3-align-left tm-vc_cta3-color-transparent tm-vc_cta3-icon-size-md tm-vc_cta3-actions-no tm-cta3-with-desc\"><div class=\"tm-vc_cta3_content-container\"><div class=\"tm-vc_cta3-content\"><header class=\"tm-vc_cta3-content-header tm-wrap\"><div class=\"tm-vc_cta3-headers tm-wrap-cell\"><h2 class=\"tm-custom-heading \" >Acerca de <strong>Creaciones GyM<\/strong><\/h2>\n<\/div><div class=\"heading-seperator\"><span><\/span><\/div><\/header><div class=\"tm-cta3-content-wrapper\"><p><strong>Somos un equipo de profesionales que trabajamos en conjunto para hacer realidad tus ideas.<\/strong><\/p><\/div><\/div><\/div><\/div><\/section><\/div> <!-- .tm-element-heading-wrapper container --> [vc_column_text]M\u00e1s de 20 a\u00f1os en el mercado, incontables trabajos realizados y una cartera de clientes conformes con nuestro trabajo que nos avalan. Contamos con un amplio portfolio de trabajos para colegios y empresas de la regi\u00f3n y todo el pa\u00eds. A\u00f1o a a\u00f1o nos eligen gracias a la calidad con la que trabajamos.<\/p>\n<div class=\"wpb_text_column wpb_content_element \">\n<div class=\"wpb_wrapper\">Nacimos con la premisa de fabricar uniformes y prendas textiles de excelencia. Siendo dirigida por sus due\u00f1os, nos convertimos en una empresa l\u00edder en la Ciudad de Rosario. Buscamos redefinir el concepto de uniforme; estas son prendas de batalla a las que se les da un uso intensivo y un lavado diario. La prenda debe ser de primera calidad. principio que nos permite d\u00eda a d\u00eda posicionarnos en el mercado.<\/div>\n<\/div>\n<p>[\/vc_column_text][\/vc_column_inner][\/vc_row_inner][\/vc_column][\/vc_row][vc_row tm_textcolor=\u00bbdark\u00bb tm_bgimage_position=\u00bbcenter_bottom\u00bb tm_bgimagefixed=\u00bb\u00bb full_width=\u00bbstretch_row\u00bb css=\u00bb.vc_custom_1538576107456{padding-top: 90px !important;background-color: #f3f7f9 !important;background-position: center !important;background-repeat: no-repeat !important;background-size: cover !important;}\u00bb][vc_column][vc_row_inner css=\u00bb.vc_custom_1536638924461{margin-right: 0px !important;margin-left: 0px !important;}\u00bb][vc_column_inner width=\u00bb5\/6&#8243; css=\u00bb.vc_custom_1537006864415{padding-right: 25px !important;padding-left: 0px !important;}\u00bb tm_responsive_css=\u00bb83979218|colbreak_no|||||||||colbreak_no|||||||||colbreak_no||||||0px||||colbreak_no|||||||||\u00bb]<div class=\"tm-element-heading-wrapper tm-heading-inner tm-element-align-left tm-seperator-solid tm-heading-style-horizontal  vc_custom_1538575567861\"><section class=\"tm-vc_cta3-container\"><div class=\"tm-vc_general tm-vc_cta3 tm-cta3-only tm-vc_cta3-style-classic tm-vc_cta3-shape-rounded tm-vc_cta3-align-left tm-vc_cta3-color-transparent tm-vc_cta3-icon-size-md tm-vc_cta3-actions-no tm-cta3-with-desc\"><div class=\"tm-vc_cta3_content-container\"><div class=\"tm-vc_cta3-content\"><header class=\"tm-vc_cta3-content-header tm-wrap\"><div class=\"tm-vc_cta3-headers tm-wrap-cell\"><h2 class=\"tm-custom-heading \" >Calidad y <strong>Asesoramiento<\/strong><\/h2>\n<\/div><div class=\"heading-seperator\"><span><\/span><\/div><\/header><div class=\"tm-cta3-content-wrapper\"><p>M\u00e1s de 20 a\u00f1os en el rubro, incontables trabajos realizados y una cartera de clientes conformes, nos avalan.<\/p><\/div><\/div><\/div><\/div><\/section><\/div> <!-- .tm-element-heading-wrapper container --> [\/vc_column_inner][vc_column_inner el_class=\u00bbtm-reset-button-left-767&#8243; width=\u00bb1\/6&#8243; css=\u00bb.vc_custom_1536656454407{padding-top: 33px !important;padding-right: 0px !important;padding-left: 0px !important;}\u00bb]\n\t\t<div class=\"tm-vc_btn3-container tm-vc_btn3-right\"><a class=\"tm-vc_general tm-vc_btn3 tm-vc_btn3-size-md tm-vc_btn3-shape-square tm-vc_btn3-style-outline tm-vc_btn3-weight-no tm-vc_btn3-color-skincolor\" href=\"http:\/\/creacionesgym.com.ar\/web2\/contacto\/\" title=\"\">Contactanos<\/a><\/div>[\/vc_column_inner][\/vc_row_inner][vc_separator color=\u00bbcustom\u00bb accent_color=\u00bbrgba(255,255,255,0.14)\u00bb][vc_row_inner break_in_responsive=\u00bb991&#8243; equal_height=\u00bbyes\u00bb css=\u00bb.vc_custom_1538575000262{padding-top: 15px !important;}\u00bb el_class=\u00bbsbox-hover-borderbox\u00bb][vc_column_inner width=\u00bb1\/4&#8243;]<div class=\"tm-sbox tm-sbox-iconalign-top-center none tm-sbox-bgcolor-transparent tm-bgcolor-transparent tm-sbox-textcolor- tm-textcolor- tm-sbox-isize-lg tm-sbox-isize-lg tm-sbox-istyle-none  tm-sbox-heading-only\"><section class=\"tm-vc_cta3-container\"><div class=\"tm-vc_general tm-vc_cta3 tm-vc_cta3-align-left tm-vc_cta3-icon-size-lg tm-vc_cta3-icons-top tm-vc_cta3-actions-no\"><div class=\"tm-vc_cta3-icons tm-wrap-cell\"><div class=\"tm-vc_icon_element tm-vc_icon_element-outer tm-vc_icon_element-align-left \"><div class=\"tm-vc_icon_element-inner  tm-vc_icon_element-color-skincolor tm-vc_icon_element-size-lg tm-vc_icon_element-style-none tm-vc_icon_element-background-color-grey\" ><span class=\"tm-vc_icon_element-icon themifyicon ti-user\" ><\/span><\/div><\/div><\/div><div class=\"tm-vc_cta3_content-container\"><div class=\"tm-vc_cta3-content\"><div class=\"tm-vc_cta3-content-header tm-wrap\"><div class=\"tm-vc_cta3-headers tm-wrap-cell\"><h2 class=\"tm-custom-heading \" >Honestidad<\/h2>\n<\/div><\/div><\/div><div class=\"tm-cta3-desc-btn-wrapper\"><div class=\"tm-cta3-description\"><div class=\"tm-cta3-content-wrapper\"><p>Pensamos que es la \u00fanica manera de establecer relaciones comerciales a largo plazo.<\/p><\/div><\/div><\/div><\/div><\/div><\/section><\/div>[\/vc_column_inner][vc_column_inner width=\u00bb1\/4&#8243;]<div class=\"tm-sbox tm-sbox-iconalign-top-center none tm-sbox-bgcolor-transparent tm-bgcolor-transparent tm-sbox-textcolor- tm-textcolor- tm-sbox-isize-lg tm-sbox-isize-lg tm-sbox-istyle-none  tm-sbox-heading-only\"><section class=\"tm-vc_cta3-container\"><div class=\"tm-vc_general tm-vc_cta3 tm-vc_cta3-align-left tm-vc_cta3-icon-size-lg tm-vc_cta3-icons-top tm-vc_cta3-actions-no\"><div class=\"tm-vc_cta3-icons tm-wrap-cell\"><div class=\"tm-vc_icon_element tm-vc_icon_element-outer tm-vc_icon_element-align-left \"><div class=\"tm-vc_icon_element-inner  tm-vc_icon_element-color-skincolor tm-vc_icon_element-size-lg tm-vc_icon_element-style-none tm-vc_icon_element-background-color-grey\" ><span class=\"tm-vc_icon_element-icon themifyicon ti-blackboard\" ><\/span><\/div><\/div><\/div><div class=\"tm-vc_cta3_content-container\"><div class=\"tm-vc_cta3-content\"><div class=\"tm-vc_cta3-content-header tm-wrap\"><div class=\"tm-vc_cta3-headers tm-wrap-cell\"><h2 class=\"tm-custom-heading \" >Asesoramiento<\/h2>\n<\/div><\/div><\/div><div class=\"tm-cta3-desc-btn-wrapper\"><div class=\"tm-cta3-description\"><div class=\"tm-cta3-content-wrapper\"><p>Respondiendo con una fuerte vocaci\u00f3n a las necesidades de nuestros clientes.<\/p><\/div><\/div><\/div><\/div><\/div><\/section><\/div>[\/vc_column_inner][vc_column_inner width=\u00bb1\/4&#8243;]<div class=\"tm-sbox tm-sbox-iconalign-top-center none tm-sbox-bgcolor-transparent tm-bgcolor-transparent tm-sbox-textcolor- tm-textcolor- tm-sbox-isize-lg tm-sbox-isize-lg tm-sbox-istyle-none  tm-sbox-heading-only\"><section class=\"tm-vc_cta3-container\"><div class=\"tm-vc_general tm-vc_cta3 tm-vc_cta3-align-left tm-vc_cta3-icon-size-lg tm-vc_cta3-icons-top tm-vc_cta3-actions-no\"><div class=\"tm-vc_cta3-icons tm-wrap-cell\"><div class=\"tm-vc_icon_element tm-vc_icon_element-outer tm-vc_icon_element-align-left \"><div class=\"tm-vc_icon_element-inner  tm-vc_icon_element-color-skincolor tm-vc_icon_element-size-lg tm-vc_icon_element-style-none tm-vc_icon_element-background-color-grey\" ><span class=\"tm-vc_icon_element-icon themifyicon ti-face-smile\" ><\/span><\/div><\/div><\/div><div class=\"tm-vc_cta3_content-container\"><div class=\"tm-vc_cta3-content\"><div class=\"tm-vc_cta3-content-header tm-wrap\"><div class=\"tm-vc_cta3-headers tm-wrap-cell\"><h2 class=\"tm-custom-heading \" >Responsabilidad<\/h2>\n<\/div><\/div><\/div><div class=\"tm-cta3-desc-btn-wrapper\"><div class=\"tm-cta3-description\"><div class=\"tm-cta3-content-wrapper\"><p>Representa nuestra conducta hacia los clientes y proveedores.<\/p><\/div><\/div><\/div><\/div><\/div><\/section><\/div>[\/vc_column_inner][vc_column_inner width=\u00bb1\/4&#8243;]<div class=\"tm-sbox tm-sbox-iconalign-top-center none tm-sbox-bgcolor-transparent tm-bgcolor-transparent tm-sbox-textcolor- tm-textcolor- tm-sbox-isize-lg tm-sbox-isize-lg tm-sbox-istyle-none  tm-sbox-heading-only\"><section class=\"tm-vc_cta3-container\"><div class=\"tm-vc_general tm-vc_cta3 tm-vc_cta3-align-left tm-vc_cta3-icon-size-lg tm-vc_cta3-icons-top tm-vc_cta3-actions-no\"><div class=\"tm-vc_cta3-icons tm-wrap-cell\"><div class=\"tm-vc_icon_element tm-vc_icon_element-outer tm-vc_icon_element-align-left \"><div class=\"tm-vc_icon_element-inner  tm-vc_icon_element-color-skincolor tm-vc_icon_element-size-lg tm-vc_icon_element-style-none tm-vc_icon_element-background-color-grey\" ><span class=\"tm-vc_icon_element-icon themifyicon ti-hand-open\" ><\/span><\/div><\/div><\/div><div class=\"tm-vc_cta3_content-container\"><div class=\"tm-vc_cta3-content\"><div class=\"tm-vc_cta3-content-header tm-wrap\"><div class=\"tm-vc_cta3-headers tm-wrap-cell\"><h2 class=\"tm-custom-heading \" >Compromiso<\/h2>\n<\/div><\/div><\/div><div class=\"tm-cta3-desc-btn-wrapper\"><div class=\"tm-cta3-description\"><div class=\"tm-cta3-content-wrapper\"><p>Una actitud que nos motiva a cumplir con nuestra palabra.<\/p><\/div><\/div><\/div><\/div><\/div><\/section><\/div>[\/vc_column_inner][\/vc_row_inner][\/vc_column][\/vc_row]<\/p>\n","protected":false},"excerpt":{"rendered":"<p>[vc_row tm_bgcolor=\u00bbwhite\u00bb tm_bgimagefixed=\u00bb\u00bb break_in_responsive=\u00bb1200&#8243; full_width=\u00bbstretch_row\u00bb css=\u00bb.vc_custom_1536920811768{padding-bottom: 70px !important;}\u00bb el_class=\u00bbpadding-bottom-15px-991 padding-top-0px-991&#8243;][vc_column tm_bgcolor=\u00bbgrey\u00bb tm_col_bg_expand=\u00bbleft\u00bb width=\u00bb1\/4&#8243; css=\u00bb.vc_custom_1533714802394{padding-top: 70px !important;padding-bottom: 40px !important;}\u00bb][vc_row_inner css=\u00bb.vc_custom_1536908795161{margin-right: -240px !important;}\u00bb tm_responsive_css=\u00bb33389249|colbreak_no||0px|||||||colbreak_no|||||||||colbreak_no||||||||||colbreak_no|||||||||\u00bb][vc_column_inner][vc_single_image image=\u00bb3161&#8243; img_size=\u00bb470*507&#8243; alignment=\u00bbcenter\u00bb el_class=\u00bbttm-custom-margin-all-0px-991&#8243;][\/vc_column_inner][\/vc_row_inner][\/vc_column][vc_column width=\u00bb3\/4&#8243;][vc_row_inner break_in_responsive=\u00bb991&#8243; css=\u00bb.vc_custom_1533709780070{padding-top: 40px !important;}\u00bb][vc_column_inner width=\u00bb1\/4&#8243;][\/vc_column_inner][vc_column_inner reduce_extra_padding=\u00bb991&#8243; width=\u00bb3\/4&#8243; css=\u00bb.vc_custom_1533621740556{padding-top: 23px !important;padding-left: 40px !important;}\u00bb][vc_column_text]M\u00e1s de 20 a\u00f1os en el mercado, incontables trabajos realizados y una cartera de clientes conformes con &hellip; <a href=\"http:\/\/creacionesgym.com.ar\/web2\/empresa\/\" class=\"more-link\">Continue reading <span class=\"screen-reader-text\">Empresa<\/span><\/a><\/p>\n","protected":false},"author":2,"featured_media":0,"parent":0,"menu_order":5,"comment_status":"closed","ping_status":"closed","template":"","meta":{"footnotes":""},"class_list":["post-3110","page","type-page","status-publish","hentry"],"_links":{"self":[{"href":"http:\/\/creacionesgym.com.ar\/web2\/wp-json\/wp\/v2\/pages\/3110","targetHints":{"allow":["GET"]}}],"collection":[{"href":"http:\/\/creacionesgym.com.ar\/web2\/wp-json\/wp\/v2\/pages"}],"about":[{"href":"http:\/\/creacionesgym.com.ar\/web2\/wp-json\/wp\/v2\/types\/page"}],"author":[{"embeddable":true,"href":"http:\/\/creacionesgym.com.ar\/web2\/wp-json\/wp\/v2\/users\/2"}],"replies":[{"embeddable":true,"href":"http:\/\/creacionesgym.com.ar\/web2\/wp-json\/wp\/v2\/comments?post=3110"}],"version-history":[{"count":12,"href":"http:\/\/creacionesgym.com.ar\/web2\/wp-json\/wp\/v2\/pages\/3110\/revisions"}],"predecessor-version":[{"id":3172,"href":"http:\/\/creacionesgym.com.ar\/web2\/wp-json\/wp\/v2\/pages\/3110\/revisions\/3172"}],"wp:attachment":[{"href":"http:\/\/creacionesgym.com.ar\/web2\/wp-json\/wp\/v2\/media?parent=3110"}],"curies":[{"name":"wp","href":"https:\/\/api.w.org\/{rel}","templated":true}]}}