{"id":3082,"date":"2018-09-13T12:49:32","date_gmt":"2018-09-13T12:49:32","guid":{"rendered":"https:\/\/tectxon.themetechmount.com\/?page_id=3082"},"modified":"2018-10-08T13:34:16","modified_gmt":"2018-10-08T16:34:16","slug":"productos","status":"publish","type":"page","link":"http:\/\/creacionesgym.com.ar\/web2\/productos\/","title":{"rendered":"Qu\u00e9 hacemos?"},"content":{"rendered":"<p>[vc_row tm_bgcolor=\u00bbgrey\u00bb tm_bgimagefixed=\u00bb\u00bb full_width=\u00bbstretch_row\u00bb css=\u00bb.vc_custom_1538609482282{padding-top: 87px !important;padding-bottom: 0px !important;}\u00bb][vc_column width=\u00bb5\/6&#8243;]<div class=\"tm-element-heading-wrapper tm-heading-inner tm-element-align-left tm-seperator-solid tm-heading-style-horizontal  vc_custom_1538609348972\"><section class=\"tm-vc_cta3-container\"><div class=\"tm-vc_general tm-vc_cta3 tm-cta3-only tm-vc_cta3-style-classic tm-vc_cta3-shape-rounded tm-vc_cta3-align-left tm-vc_cta3-color-transparent tm-vc_cta3-icon-size-md tm-vc_cta3-actions-no tm-cta3-with-desc\"><div class=\"tm-vc_cta3_content-container\"><div class=\"tm-vc_cta3-content\"><header class=\"tm-vc_cta3-content-header tm-wrap\"><div class=\"tm-vc_cta3-headers tm-wrap-cell\"><h2 class=\"tm-custom-heading \" >Qu\u00e9 productos <strong>le ofrecemos<\/strong><\/h2>\n<\/div><div class=\"heading-seperator\"><span><\/span><\/div><\/header><div class=\"tm-cta3-content-wrapper\"><p>Nacimos con la premisa de fabricar uniformes y prendas textiles de excelencia.<\/p><\/div><\/div><\/div><\/div><\/section><\/div> <!-- .tm-element-heading-wrapper container --> [\/vc_column][vc_column width=\u00bb1\/6&#8243; el_class=\u00bbtm-reset-button-left-767&#8243; css=\u00bb.vc_custom_1538609522459{padding-top: 33px !important;padding-right: 0px !important;padding-left: 0px !important;}\u00bb]\n\t\t<div class=\"tm-vc_btn3-container  tm-reset-button-left-767 tm-vc_btn3-right\"><a class=\"tm-vc_general tm-vc_btn3 tm-vc_btn3-size-md tm-vc_btn3-shape-square tm-vc_btn3-style-outline tm-vc_btn3-weight-no tm-vc_btn3-color-black\" href=\"http:\/\/creacionesgym.com.ar\/web2\/trabajos\/\" title=\"\">Ver Trabajos<\/a><\/div>[\/vc_column][\/vc_row][vc_row tm_bgimagefixed=\u00bb\u00bb tm_shadow=\u00bbyes\u00bb css=\u00bb.vc_custom_1538596199566{margin-top: 20px !important;margin-bottom: 100px !important;padding-top: 0px !important;padding-bottom: 0px !important;}\u00bb][vc_column tm_bgcolor=\u00bbwhite\u00bb][vc_row_inner break_in_responsive=\u00bb991&#8243; equal_height=\u00bbyes\u00bb content_placement=\u00bbmiddle\u00bb el_class=\u00bbtm-sbox-separator margin-right-15px-991 margin-left-15px-991&#8243; css=\u00bb.vc_custom_1538596727146{padding-top: 40px !important;padding-right: 17px !important;padding-bottom: 40px !important;padding-left: 12px !important;}\u00bb][vc_column_inner width=\u00bb1\/3&#8243;]<div class=\"tm-sbox tm-sbox-iconalign-top-center none tm-sbox-bgcolor-transparent tm-bgcolor-transparent tm-sbox-textcolor- tm-textcolor- tm-sbox-isize-xl tm-sbox-isize-xl tm-sbox-istyle-none  tm-sbox-heading-only\"><section class=\"tm-vc_cta3-container\"><div class=\"tm-vc_general tm-vc_cta3 tm-vc_cta3-align-left tm-vc_cta3-icon-size-xl tm-vc_cta3-icons-top tm-vc_cta3-actions-no\"><div class=\"tm-vc_cta3-icons tm-wrap-cell\"><div class=\"tm-vc_icon_element tm-vc_icon_element-outer tm-vc_icon_element-align-left \"><div class=\"tm-vc_icon_element-inner  tm-vc_icon_element-color-skincolor tm-vc_icon_element-size-xl tm-vc_icon_element-style-none tm-vc_icon_element-background-color-grey\" ><span class=\"tm-vc_icon_element-icon vc_li vc_li-t-shirt\" ><\/span><\/div><\/div><\/div><div class=\"tm-vc_cta3_content-container\"><div class=\"tm-vc_cta3-content\"><div class=\"tm-vc_cta3-content-header tm-wrap\"><div class=\"tm-vc_cta3-headers tm-wrap-cell\"><h2 class=\"tm-custom-heading \" >Uniformes Colegiales<\/h2>\n<\/div><\/div><\/div><div class=\"tm-cta3-desc-btn-wrapper\"><div class=\"tm-cta3-description\"><div class=\"tm-cta3-content-wrapper\"><p>Jardines de Infantes, Primarios, Secundarios.\u00a0\u00a0Remeras, Chombas, Pantal\u00f3n Corto, Pantal\u00f3n Pollera, Buzos Friza, Pantal\u00f3n Friza, Campera Friza, Mochila Acrocel O Gabardina, Bolsa Fiselina Trabajos, Delantales Pintor.<\/p><\/div><\/div><\/div><\/div><\/div><\/section><\/div><div class=\"tm-sbox tm-sbox-iconalign-top-center none tm-sbox-bgcolor-transparent tm-bgcolor-transparent tm-sbox-textcolor- tm-textcolor- tm-sbox-isize-xl tm-sbox-isize-xl tm-sbox-istyle-none  tm-sbox-heading-only\"><section class=\"tm-vc_cta3-container\"><div class=\"tm-vc_general tm-vc_cta3 tm-vc_cta3-align-left tm-vc_cta3-icon-size-xl tm-vc_cta3-icons-top tm-vc_cta3-actions-no\"><div class=\"tm-vc_cta3-icons tm-wrap-cell\"><div class=\"tm-vc_icon_element tm-vc_icon_element-outer tm-vc_icon_element-align-left \"><div class=\"tm-vc_icon_element-inner  tm-vc_icon_element-color-skincolor tm-vc_icon_element-size-xl tm-vc_icon_element-style-none tm-vc_icon_element-background-color-grey\" ><span class=\"tm-vc_icon_element-icon themifyicon ti-id-badge\" ><\/span><\/div><\/div><\/div><div class=\"tm-vc_cta3_content-container\"><div class=\"tm-vc_cta3-content\"><div class=\"tm-vc_cta3-content-header tm-wrap\"><div class=\"tm-vc_cta3-headers tm-wrap-cell\"><h2 class=\"tm-custom-heading \" >Profesionales<\/h2>\n<\/div><\/div><\/div><div class=\"tm-cta3-desc-btn-wrapper\"><div class=\"tm-cta3-description\"><div class=\"tm-cta3-content-wrapper\"><p>Chombas, Remeras, Ambos Sanitarios. Todo lo necesario para la indumentaria del profesional.<\/p><\/div><\/div><\/div><\/div><\/div><\/section><\/div><div class=\"tm-sbox tm-sbox-iconalign-top-center none tm-sbox-bgcolor-transparent tm-bgcolor-transparent tm-sbox-textcolor- tm-textcolor- tm-sbox-isize-xl tm-sbox-isize-xl tm-sbox-istyle-none  tm-sbox-heading-only\"><section class=\"tm-vc_cta3-container\"><div class=\"tm-vc_general tm-vc_cta3 tm-vc_cta3-align-left tm-vc_cta3-icon-size-xl tm-vc_cta3-icons-top tm-vc_cta3-actions-no\"><div class=\"tm-vc_cta3-icons tm-wrap-cell\"><div class=\"tm-vc_icon_element tm-vc_icon_element-outer tm-vc_icon_element-align-left \"><div class=\"tm-vc_icon_element-inner  tm-vc_icon_element-color-skincolor tm-vc_icon_element-size-xl tm-vc_icon_element-style-none tm-vc_icon_element-background-color-grey\" ><span class=\"tm-vc_icon_element-icon themifyicon ti-paint-bucket\" ><\/span><\/div><\/div><\/div><div class=\"tm-vc_cta3_content-container\"><div class=\"tm-vc_cta3-content\"><div class=\"tm-vc_cta3-content-header tm-wrap\"><div class=\"tm-vc_cta3-headers tm-wrap-cell\"><h2 class=\"tm-custom-heading \" >Sublimaci\u00f3n<\/h2>\n<\/div><\/div><\/div><div class=\"tm-cta3-desc-btn-wrapper\"><div class=\"tm-cta3-description\"><div class=\"tm-cta3-content-wrapper\"><p>Sublimamos en remeras y camperas el dise\u00f1o que m\u00e1s te guste!<\/p><\/div><\/div><\/div><\/div><\/div><\/section><\/div>[\/vc_column_inner][vc_column_inner width=\u00bb1\/3&#8243;]<div class=\"tm-sbox tm-sbox-iconalign-top-center none tm-sbox-bgcolor-transparent tm-bgcolor-transparent tm-sbox-textcolor- tm-textcolor- tm-sbox-isize-xl tm-sbox-isize-xl tm-sbox-istyle-none  tm-sbox-heading-only\"><section class=\"tm-vc_cta3-container\"><div class=\"tm-vc_general tm-vc_cta3 tm-vc_cta3-align-left tm-vc_cta3-icon-size-xl tm-vc_cta3-icons-top tm-vc_cta3-actions-no\"><div class=\"tm-vc_cta3-icons tm-wrap-cell\"><div class=\"tm-vc_icon_element tm-vc_icon_element-outer tm-vc_icon_element-align-left \"><div class=\"tm-vc_icon_element-inner  tm-vc_icon_element-color-skincolor tm-vc_icon_element-size-xl tm-vc_icon_element-style-none tm-vc_icon_element-background-color-grey\" ><span class=\"tm-vc_icon_element-icon themifyicon ti-briefcase\" ><\/span><\/div><\/div><\/div><div class=\"tm-vc_cta3_content-container\"><div class=\"tm-vc_cta3-content\"><div class=\"tm-vc_cta3-content-header tm-wrap\"><div class=\"tm-vc_cta3-headers tm-wrap-cell\"><h2 class=\"tm-custom-heading \" >Uniformes Empresariales<\/h2>\n<\/div><\/div><\/div><div class=\"tm-cta3-desc-btn-wrapper\"><div class=\"tm-cta3-description\"><div class=\"tm-cta3-content-wrapper\"><p>Remeras, Chomba, Buzo, Buzo Polar, Pantal\u00f3n, Camisa, Gorra, Campera Rompeviento, Campera Trucker, Camper\u00f3n, Chaleco Polar, Pechera Gastron\u00f3mica, Delantal Gastron\u00f3mico. Bordado del logo de tu empresa.<\/p><\/div><\/div><\/div><\/div><\/div><\/section><\/div><div class=\"tm-sbox tm-sbox-iconalign-top-center none tm-sbox-bgcolor-transparent tm-bgcolor-transparent tm-sbox-textcolor- tm-textcolor- tm-sbox-isize-xl tm-sbox-isize-xl tm-sbox-istyle-none  tm-sbox-heading-only\"><section class=\"tm-vc_cta3-container\"><div class=\"tm-vc_general tm-vc_cta3 tm-vc_cta3-align-left tm-vc_cta3-icon-size-xl tm-vc_cta3-icons-top tm-vc_cta3-actions-no\"><div class=\"tm-vc_cta3-icons tm-wrap-cell\"><div class=\"tm-vc_icon_element tm-vc_icon_element-outer tm-vc_icon_element-align-left \"><div class=\"tm-vc_icon_element-inner  tm-vc_icon_element-color-skincolor tm-vc_icon_element-size-xl tm-vc_icon_element-style-none tm-vc_icon_element-background-color-grey\" ><span class=\"tm-vc_icon_element-icon vc_li vc_li-study\" ><\/span><\/div><\/div><\/div><div class=\"tm-vc_cta3_content-container\"><div class=\"tm-vc_cta3-content\"><div class=\"tm-vc_cta3-content-header tm-wrap\"><div class=\"tm-vc_cta3-headers tm-wrap-cell\"><h2 class=\"tm-custom-heading \" >Egresados<\/h2>\n<\/div><\/div><\/div><div class=\"tm-cta3-desc-btn-wrapper\"><div class=\"tm-cta3-description\"><div class=\"tm-cta3-content-wrapper\"><p>Buzos y Camperas Bariloche. Remeras y Chombas Carlos Paz. Sublimadas y Bordadas.<\/p><\/div><\/div><\/div><\/div><\/div><\/section><\/div><div class=\"tm-sbox tm-sbox-iconalign-top-center none tm-sbox-bgcolor-transparent tm-bgcolor-transparent tm-sbox-textcolor- tm-textcolor- tm-sbox-isize-xl tm-sbox-isize-xl tm-sbox-istyle-none  tm-sbox-heading-only\"><section class=\"tm-vc_cta3-container\"><div class=\"tm-vc_general tm-vc_cta3 tm-vc_cta3-align-left tm-vc_cta3-icon-size-xl tm-vc_cta3-icons-top tm-vc_cta3-actions-no\"><div class=\"tm-vc_cta3-icons tm-wrap-cell\"><div class=\"tm-vc_icon_element tm-vc_icon_element-outer tm-vc_icon_element-align-left \"><div class=\"tm-vc_icon_element-inner  tm-vc_icon_element-color-skincolor tm-vc_icon_element-size-xl tm-vc_icon_element-style-none tm-vc_icon_element-background-color-grey\" ><span class=\"tm-vc_icon_element-icon themifyicon ti-flag-alt-2\" ><\/span><\/div><\/div><\/div><div class=\"tm-vc_cta3_content-container\"><div class=\"tm-vc_cta3-content\"><div class=\"tm-vc_cta3-content-header tm-wrap\"><div class=\"tm-vc_cta3-headers tm-wrap-cell\"><h2 class=\"tm-custom-heading \" >Banderas<\/h2>\n<\/div><\/div><\/div><div class=\"tm-cta3-desc-btn-wrapper\"><div class=\"tm-cta3-description\"><div class=\"tm-cta3-content-wrapper\"><p>Confeccionamos la bandera para tu evento o empresa!<\/p><\/div><\/div><\/div><\/div><\/div><\/section><\/div>[\/vc_column_inner][vc_column_inner width=\u00bb1\/3&#8243;]<div class=\"tm-sbox tm-sbox-iconalign-top-center none tm-sbox-bgcolor-transparent tm-bgcolor-transparent tm-sbox-textcolor- tm-textcolor- tm-sbox-isize-xl tm-sbox-isize-xl tm-sbox-istyle-none  tm-sbox-heading-only\"><section class=\"tm-vc_cta3-container\"><div class=\"tm-vc_general tm-vc_cta3 tm-vc_cta3-align-left tm-vc_cta3-icon-size-xl tm-vc_cta3-icons-top tm-vc_cta3-actions-no\"><div class=\"tm-vc_cta3-icons tm-wrap-cell\"><div class=\"tm-vc_icon_element tm-vc_icon_element-outer tm-vc_icon_element-align-left \"><div class=\"tm-vc_icon_element-inner  tm-vc_icon_element-color-skincolor tm-vc_icon_element-size-xl tm-vc_icon_element-style-none tm-vc_icon_element-background-color-grey\" ><span class=\"tm-vc_icon_element-icon themifyicon ti-cup\" ><\/span><\/div><\/div><\/div><div class=\"tm-vc_cta3_content-container\"><div class=\"tm-vc_cta3-content\"><div class=\"tm-vc_cta3-content-header tm-wrap\"><div class=\"tm-vc_cta3-headers tm-wrap-cell\"><h2 class=\"tm-custom-heading \" >Indumentaria para Clubes<\/h2>\n<\/div><\/div><\/div><div class=\"tm-cta3-desc-btn-wrapper\"><div class=\"tm-cta3-description\"><div class=\"tm-cta3-content-wrapper\"><p>Realizamos prendas deportivas estampadas o bordadas. Musculosas, Remeras, Buzos, Camperas, Pecheras \/ Sudaderas, Conjuntos de Verano, Conjuntos de Invierno. Para todo deporte o actividad.<\/p><\/div><\/div><\/div><\/div><\/div><\/section><\/div><div class=\"tm-sbox tm-sbox-iconalign-top-center none tm-sbox-bgcolor-transparent tm-bgcolor-transparent tm-sbox-textcolor- tm-textcolor- tm-sbox-isize-xl tm-sbox-isize-xl tm-sbox-istyle-none  tm-sbox-heading-only\"><section class=\"tm-vc_cta3-container\"><div class=\"tm-vc_general tm-vc_cta3 tm-vc_cta3-align-left tm-vc_cta3-icon-size-xl tm-vc_cta3-icons-top tm-vc_cta3-actions-no\"><div class=\"tm-vc_cta3-icons tm-wrap-cell\"><div class=\"tm-vc_icon_element tm-vc_icon_element-outer tm-vc_icon_element-align-left \"><div class=\"tm-vc_icon_element-inner  tm-vc_icon_element-color-skincolor tm-vc_icon_element-size-xl tm-vc_icon_element-style-none tm-vc_icon_element-background-color-grey\" ><span class=\"tm-vc_icon_element-icon themifyicon ti-stamp\" ><\/span><\/div><\/div><\/div><div class=\"tm-vc_cta3_content-container\"><div class=\"tm-vc_cta3-content\"><div class=\"tm-vc_cta3-content-header tm-wrap\"><div class=\"tm-vc_cta3-headers tm-wrap-cell\"><h2 class=\"tm-custom-heading \" >Estamper\u00eda<\/h2>\n<\/div><\/div><\/div><div class=\"tm-cta3-desc-btn-wrapper\"><div class=\"tm-cta3-description\"><div class=\"tm-cta3-content-wrapper\"><p>Realizamos estampados de prendas en directo, plastisol y fotocromo logrando trabajar con gran variedad de clientes.<\/p><\/div><\/div><\/div><\/div><\/div><\/section><\/div><div class=\"tm-sbox tm-sbox-iconalign-top-center none tm-sbox-bgcolor-transparent tm-bgcolor-transparent tm-sbox-textcolor- tm-textcolor- tm-sbox-isize-xl tm-sbox-isize-xl tm-sbox-istyle-none  tm-sbox-heading-only\"><section class=\"tm-vc_cta3-container\"><div class=\"tm-vc_general tm-vc_cta3 tm-vc_cta3-align-left tm-vc_cta3-icon-size-xl tm-vc_cta3-icons-top tm-vc_cta3-actions-no\"><div class=\"tm-vc_cta3-icons tm-wrap-cell\"><div class=\"tm-vc_icon_element tm-vc_icon_element-outer tm-vc_icon_element-align-left \"><div class=\"tm-vc_icon_element-inner  tm-vc_icon_element-color-skincolor tm-vc_icon_element-size-xl tm-vc_icon_element-style-none tm-vc_icon_element-background-color-grey\" ><span class=\"tm-vc_icon_element-icon themifyicon ti-face-smile\" ><\/span><\/div><\/div><\/div><div class=\"tm-vc_cta3_content-container\"><div class=\"tm-vc_cta3-content\"><div class=\"tm-vc_cta3-content-header tm-wrap\"><div class=\"tm-vc_cta3-headers tm-wrap-cell\"><h2 class=\"tm-custom-heading \" >Y mucho m\u00e1s...<\/h2>\n<\/div><\/div><\/div><div class=\"tm-cta3-desc-btn-wrapper\"><div class=\"tm-cta3-description\"><div class=\"tm-cta3-content-wrapper\"><p>Consultanos por tu proyecto personalizado!<\/p><\/div><\/div><\/div><\/div><\/div><\/section><\/div>[\/vc_column_inner][\/vc_row_inner][\/vc_column][\/vc_row]<\/p>\n","protected":false},"excerpt":{"rendered":"<p>[vc_row tm_bgcolor=\u00bbgrey\u00bb tm_bgimagefixed=\u00bb\u00bb full_width=\u00bbstretch_row\u00bb css=\u00bb.vc_custom_1538609482282{padding-top: 87px !important;padding-bottom: 0px !important;}\u00bb][vc_column width=\u00bb5\/6&#8243;][\/vc_column][vc_column width=\u00bb1\/6&#8243; el_class=\u00bbtm-reset-button-left-767&#8243; css=\u00bb.vc_custom_1538609522459{padding-top: 33px !important;padding-right: 0px !important;padding-left: 0px !important;}\u00bb][\/vc_column][\/vc_row][vc_row tm_bgimagefixed=\u00bb\u00bb tm_shadow=\u00bbyes\u00bb css=\u00bb.vc_custom_1538596199566{margin-top: 20px !important;margin-bottom: 100px !important;padding-top: 0px !important;padding-bottom: 0px !important;}\u00bb][vc_column tm_bgcolor=\u00bbwhite\u00bb][vc_row_inner break_in_responsive=\u00bb991&#8243; equal_height=\u00bbyes\u00bb content_placement=\u00bbmiddle\u00bb el_class=\u00bbtm-sbox-separator margin-right-15px-991 margin-left-15px-991&#8243; css=\u00bb.vc_custom_1538596727146{padding-top: 40px !important;padding-right: 17px !important;padding-bottom: 40px !important;padding-left: 12px !important;}\u00bb][vc_column_inner width=\u00bb1\/3&#8243;][\/vc_column_inner][vc_column_inner width=\u00bb1\/3&#8243;][\/vc_column_inner][vc_column_inner width=\u00bb1\/3&#8243;][\/vc_column_inner][\/vc_row_inner][\/vc_column][\/vc_row]<\/p>\n","protected":false},"author":2,"featured_media":0,"parent":0,"menu_order":6,"comment_status":"closed","ping_status":"closed","template":"","meta":{"footnotes":""},"class_list":["post-3082","page","type-page","status-publish","hentry"],"_links":{"self":[{"href":"http:\/\/creacionesgym.com.ar\/web2\/wp-json\/wp\/v2\/pages\/3082","targetHints":{"allow":["GET"]}}],"collection":[{"href":"http:\/\/creacionesgym.com.ar\/web2\/wp-json\/wp\/v2\/pages"}],"about":[{"href":"http:\/\/creacionesgym.com.ar\/web2\/wp-json\/wp\/v2\/types\/page"}],"author":[{"embeddable":true,"href":"http:\/\/creacionesgym.com.ar\/web2\/wp-json\/wp\/v2\/users\/2"}],"replies":[{"embeddable":true,"href":"http:\/\/creacionesgym.com.ar\/web2\/wp-json\/wp\/v2\/comments?post=3082"}],"version-history":[{"count":40,"href":"http:\/\/creacionesgym.com.ar\/web2\/wp-json\/wp\/v2\/pages\/3082\/revisions"}],"predecessor-version":[{"id":3238,"href":"http:\/\/creacionesgym.com.ar\/web2\/wp-json\/wp\/v2\/pages\/3082\/revisions\/3238"}],"wp:attachment":[{"href":"http:\/\/creacionesgym.com.ar\/web2\/wp-json\/wp\/v2\/media?parent=3082"}],"curies":[{"name":"wp","href":"https:\/\/api.w.org\/{rel}","templated":true}]}}